{"id":11981,"date":"2016-04-08T17:09:13","date_gmt":"2016-04-08T17:09:13","guid":{"rendered":"http:\/\/www.hermann.rwth-aachen.de\/studentenwohnheim\/?page_id=11981"},"modified":"2024-11-06T21:05:10","modified_gmt":"2024-11-06T20:05:10","slug":"studentenwohnheim","status":"publish","type":"page","link":"https:\/\/www.hermann.rwth-aachen.de\/studentenwohnheim\/","title":{"rendered":"Studentenwohnheim"},"content":{"rendered":"<p><div class=\"fusion-fullwidth fullwidth-box fusion-builder-row-1 nonhundred-percent-fullwidth non-hundred-percent-height-scrolling\" style=\"background-color: #ffffff;background-position: left top;background-repeat: no-repeat;padding-top:20px;padding-right:0px;padding-bottom:20px;padding-left:0px;margin-bottom: 0px;margin-top: 0px;border-width: 0px 0px 0px 0px;border-color:#ffffff;border-style:solid;\" ><div class=\"fusion-builder-row fusion-row\"><div class=\"fusion-layout-column fusion_builder_column fusion-builder-column-0 fusion_builder_column_1_1 1_1 fusion-one-full fusion-column-first fusion-column-last\" style=\"margin-top:0px;margin-bottom:20px;\"><div class=\"fusion-column-wrapper fusion-flex-column-wrapper-legacy\" style=\"background-position:left top;background-repeat:no-repeat;-webkit-background-size:cover;-moz-background-size:cover;-o-background-size:cover;background-size:cover;padding: 0px 0px 0px 0px;\"><div class=\"fusion-sep-clear\"><\/div><div class=\"fusion-separator fusion-full-width-sep\" style=\"margin-left: auto;margin-right: auto;margin-top:-100px;width:100%;\"><\/div><div class=\"fusion-sep-clear\"><\/div><span class=\" fusion-imageframe imageframe-none imageframe-1 hover-type-none\" style=\"width:100%;max-width:100%;\"><a class=\"fusion-no-lightbox\" href=\"https:\/\/www.hermann.rwth-aachen.de\/studentenwohnheim\/#start\" target=\"_self\" aria-label=\"CroppedImageWebsite_1.1.1\"><img decoding=\"async\" width=\"1540\" height=\"874\" alt=\"Studentenwohnheim Hermannstra\u00dfe\" src=\"data:image\/svg+xml,%3Csvg%20xmlns%3D%27http%3A%2F%2Fwww.w3.org%2F2000%2Fsvg%27%20width%3D%271540%27%20height%3D%27874%27%20viewBox%3D%270%200%201540%20874%27%3E%3Crect%20width%3D%271540%27%20height%3D%27874%27%20fill-opacity%3D%220%22%2F%3E%3C%2Fsvg%3E\" data-orig-src=\"https:\/\/www.hermann.rwth-aachen.de\/studentenwohnheim\/wp-content\/uploads\/2023\/10\/CroppedImageWebsite_1.1.1.jpg\" class=\"lazyload img-responsive wp-image-13837\"\/><\/a><\/span><div class=\"fusion-menu-anchor\" id=\"start\"><\/div><div class=\"fusion-clearfix\"><\/div><\/div><\/div><\/div><\/div><div class=\"fusion-fullwidth fullwidth-box fusion-builder-row-2 nonhundred-percent-fullwidth non-hundred-percent-height-scrolling fusion-no-small-visibility\" style=\"background-color: #ffffff;background-position: left top;background-repeat: no-repeat;padding-top:20px;padding-right:0px;padding-bottom:20px;padding-left:0px;margin-bottom: 0px;margin-top: 0px;border-width: 0px 0px 0px 0px;border-color:#ffffff;border-style:solid;\" ><div class=\"fusion-builder-row fusion-row\"><div class=\"fusion-layout-column fusion_builder_column fusion-builder-column-1 fusion_builder_column_1_1 1_1 fusion-one-full fusion-column-first fusion-column-last\" style=\"margin-top:0px;margin-bottom:20px;\"><div class=\"fusion-column-wrapper fusion-flex-column-wrapper-legacy\" style=\"background-position:left top;background-repeat:no-repeat;-webkit-background-size:cover;-moz-background-size:cover;-o-background-size:cover;background-size:cover;padding: 0px 0px 0px 0px;\"><style type=\"text\/css\"><\/style><div class=\"fusion-title title fusion-title-1 sep-underline sep-solid fusion-title-center fusion-title-text fusion-title-size-one\" style=\"border-bottom-color:#3e3e3e;margin-top:0px;margin-right:0px;margin-bottom:30px;margin-left:0px;\"><h1 class=\"title-heading-center fusion-responsive-typography-calculated\" style=\"margin:0;--fontSize:36;line-height:1.28;\">Herzlich willkommen in der Hermannstra\u00dfe<\/h1><\/div><div class=\"fusion-counters-box counters-box row fusion-clearfix fusion-columns-3\"><div class=\"fusion-counter-box fusion-column col-counter-box counter-box-wrapper col-lg-4 col-md-4 col-sm-4\" data-animationOffset=\"50%\"><div class=\"counter-box-container\" style=\"border: 1px solid #333333;\"><div class=\"content-box-percentage content-box-counter\" style=\"color:#e55437;font-size:50px;line-height:normal;\"><i class=\"counter-box-icon fontawesome-icon fa-child fas\" style=\"font-size:50px;\" aria-hidden=\"true\"><\/i><span class=\"display-counter\" data-value=\"75\" data-direction=\"up\" data-decimals=\"0\">0<\/span><\/div><div class=\"counter-box-content\" style=\"color:#333333;font-size:13px;\">Bewohner der Hermannstra\u00dfe<\/div><\/div><\/div><div class=\"fusion-counter-box fusion-column col-counter-box counter-box-wrapper col-lg-4 col-md-4 col-sm-4\" data-animationOffset=\"50%\"><div class=\"counter-box-container\" style=\"border: 1px solid #333333;\"><div class=\"content-box-percentage content-box-counter\" style=\"color:#e55437;font-size:50px;line-height:normal;\"><span class=\"display-counter\" data-value=\"100\" data-direction=\"up\" data-decimals=\"0\">0<\/span><span class=\"unit\">%<\/span><\/div><div class=\"counter-box-content\" style=\"color:#333333;font-size:13px;\">selbstverwaltet<\/div><\/div><\/div><div class=\"fusion-counter-box fusion-column col-counter-box counter-box-wrapper col-lg-4 col-md-4 col-sm-4\" data-animationOffset=\"50%\"><div class=\"counter-box-container\" style=\"border: 1px solid #333333;\"><div class=\"content-box-percentage content-box-counter\" style=\"color:#e55437;font-size:50px;line-height:normal;\"><span class=\"display-counter\" data-value=\"60\" data-direction=\"up\" data-decimals=\"0\">0<\/span><span class=\"unit\">+<\/span><\/div><div class=\"counter-box-content\" style=\"color:#333333;font-size:13px;\">Jahre schon ein Wohnheim f\u00fcr alle Studierenden<\/div><\/div><\/div><\/div><div class=\"clearfix\"><\/div><div class=\"fusion-clearfix\"><\/div><\/div><\/div><\/div><\/div><div class=\"fusion-fullwidth fullwidth-box fusion-builder-row-3 nonhundred-percent-fullwidth non-hundred-percent-height-scrolling\" style=\"background-color: #ffffff;background-position: left top;background-repeat: no-repeat;padding-top:20px;padding-right:0px;padding-bottom:20px;padding-left:0px;margin-bottom: 0px;margin-top: 0px;border-width: 0px 0px 0px 0px;border-color:#25292b;border-style:solid;\" ><div class=\"fusion-builder-row fusion-row\"><div class=\"fusion-layout-column fusion_builder_column fusion-builder-column-2 fusion_builder_column_1_1 1_1 fusion-one-full fusion-column-first fusion-column-last\" style=\"margin-top:0px;margin-bottom:20px;\"><div class=\"fusion-column-wrapper fusion-flex-column-wrapper-legacy\" style=\"background-position:left top;background-repeat:no-repeat;-webkit-background-size:cover;-moz-background-size:cover;-o-background-size:cover;background-size:cover;padding: 0px 0px 0px 0px;\"><style type=\"text\/css\"><\/style><div class=\"fusion-title title fusion-title-2 sep-underline sep-solid fusion-title-text fusion-title-size-one\" style=\"border-bottom-color:#3e3e3e;margin-top:0px;margin-right:0px;margin-bottom:30px;margin-left:0px;\"><h1 class=\"title-heading-left fusion-responsive-typography-calculated\" style=\"margin:0;--fontSize:36;line-height:1.28;\">Unser<br \/>\nStudierendenwohnheim<\/h1><\/div><div class=\"fusion-clearfix\"><\/div><\/div><\/div><div class=\"fusion-layout-column fusion_builder_column fusion-builder-column-3 fusion_builder_column_1_2 1_2 fusion-one-half fusion-column-first\" style=\"width:48%; margin-right: 4%;margin-top:0px;margin-bottom:20px;\"><div class=\"fusion-column-wrapper fusion-flex-column-wrapper-legacy\" style=\"background-position:left top;background-repeat:no-repeat;-webkit-background-size:cover;-moz-background-size:cover;-o-background-size:cover;background-size:cover;background-color:#ffffff;padding: 0px 0px 0px 0px;\"><div class=\"fusion-text fusion-text-1\"><p>Das KHG Studentenwohnheim in der Hermannstra\u00dfe: Es ist ein St\u00fcck Aachen, in dem 75 Studierende seit 1956 ein Zuhause, Freunde und Gemeinschaft finden k\u00f6nnen.<\/p>\n<p>Zu F\u00fc\u00dfen des Aachener Lousbergs, den die Stadt der Sage nach dem Teufel zu verdanken hat, liegt unser Studentenwohnheim Hermannstra\u00dfe. Bis zum Hauptgeb\u00e4ude der RWTH Aachen betr\u00e4gt der Fu\u00dfmarsch lediglich 3 Minuten. Bis zum Bushof l\u00e4uft man 8 Minuten. In unmittelbarer Umgebung zu unserem Studentenwohnheim findest du zahlreiche Einkaufsm\u00f6glichkeiten und die Mensa. Die Studentenmeile Aachens &#8211; die Pontstra\u00dfe mit zahlreichen Clubs und Bars &#8211; liegt direkt vor der Haust\u00fcr. Zentraler geht\u00b4s fast nicht.<\/p>\n<p>Die Appartements und Einzelzimmer bei uns im Studentenwohnheim sind teilm\u00f6bliert, um jedem Studenten den schnellen Einstieg in das Studium zu erm\u00f6glichen. Du kannst nat\u00fcrlich auch deine eigenen M\u00f6bel mitbringen.<\/p>\n<\/div><div class=\"fusion-clearfix\"><\/div><\/div><\/div><div class=\"fusion-layout-column fusion_builder_column fusion-builder-column-4 fusion_builder_column_1_2 1_2 fusion-one-half fusion-column-last\" style=\"width:48%;margin-top:0px;margin-bottom:20px;\"><div class=\"fusion-column-wrapper fusion-flex-column-wrapper-legacy\" style=\"background-position:left top;background-repeat:no-repeat;-webkit-background-size:cover;-moz-background-size:cover;-o-background-size:cover;background-size:cover;background-color:#ffffff;padding: 0px 0px 0px 0px;\"><div class=\"fusion-text fusion-text-2\"><p>In unserem Studentenwohnheim gibt es viele Gemeinschaftsr\u00e4ume, in denen wir uns tags\u00fcber zum Lernen und abends zum Chillen, Fernsehen, Kickern oder \u2013 wer\u2019s kann \u2013 zum Klavier spielen treffen.<\/p>\n<p>Anders als bei allen anderen Studentenwohnheimen in Aachen w\u00e4hlen wir unsere Mitbewohner selber aus. Du bewirbst dich also <a href=\"https:\/\/www.hermann.rwth-aachen.de\/studentenwohnheim\/bewerbung\/\">direkt bei uns<\/a> im Studentenwohnheim und nicht \u00fcber anonyme Formulare vom Studentenwerk Aachen. Das f\u00fchrt dazu, dass es bei uns im Studentenwohnheim sehr pers\u00f6nlich und famili\u00e4r zugeht.<\/p>\n<p>Wir w\u00fcnschen dir viel Spa\u00df beim Erkunden unseres Studentenwohnheims.<\/p>\n<\/div><div class=\"fusion-clearfix\"><\/div><\/div><\/div><\/div><\/div><div class=\"fusion-fullwidth fullwidth-box fusion-builder-row-4 nonhundred-percent-fullwidth non-hundred-percent-height-scrolling\" style=\"background-color: #ffffff;background-position: left top;background-repeat: no-repeat;padding-top:20px;padding-right:0px;padding-bottom:20px;padding-left:0px;margin-bottom: 0px;margin-top: 0px;border-width: 0px 0px 0px 0px;border-color:#25292b;border-style:solid;\" ><div class=\"fusion-builder-row fusion-row\"><div class=\"fusion-layout-column fusion_builder_column fusion-builder-column-5 fusion_builder_column_1_1 1_1 fusion-one-full fusion-column-first fusion-column-last fusion-column-no-min-height\" style=\"margin-top:0px;margin-bottom:0px;\"><div class=\"fusion-column-wrapper fusion-flex-column-wrapper-legacy\" style=\"background-position:left top;background-repeat:no-repeat;-webkit-background-size:cover;-moz-background-size:cover;-o-background-size:cover;background-size:cover;padding: 0px 0px 0px 0px;\"><style type=\"text\/css\"><\/style><div class=\"fusion-title title fusion-title-3 sep-underline sep-solid fusion-title-text fusion-title-size-two\" style=\"border-bottom-color:#3e3e3e;margin-top:0px;margin-right:0px;margin-bottom:30px;margin-left:0px;\"><h2 class=\"title-heading-left fusion-responsive-typography-calculated\" style=\"margin:0;--fontSize:36;line-height:1.28;\">Erfahre mehr \u00fcber unser Studentenwohnheim<\/h2><\/div><div class=\"fusion-clearfix\"><\/div><\/div><\/div><div class=\"fusion-layout-column fusion_builder_column fusion-builder-column-6 fusion_builder_column_1_3 1_3 fusion-one-third fusion-column-first fusion-column-inner-bg-wrapper fusion-column-liftup-border\" style=\"width:30.6666%; margin-right: 4%;margin-top:0px;margin-bottom:4.25%;\"><div class=\"fusion-column-wrapper fusion-flex-column-wrapper-legacy\" style=\"padding: 40% 0px 0px 0px;\" data-bg-url=\"https:\/\/www.hermann.rwth-aachen.de\/studentenwohnheim\/wp-content\/uploads\/2016\/04\/Wohnheim-Neubau-min.jpg\"><div class=\"fusion-column-content-centered\"><div class=\"fusion-column-content\"><div class=\"fusion-text fusion-text-3\"><div style=\"background: rgba(0,0,0,0.3); padding: 20px 7%;\">\n<h3 style=\"font-size: 24px; text-align: center;\">Unser Wohnheim<\/h3>\n<p style=\"text-align: center;\"><span style=\"font-size: 16px; color: #ffffff;\">Lerne die verschiedenen H\u00e4user unseres Wohnheims kennen und erkunde die Zimmer, Gemeinschaftsr\u00e4ume und Co.<\/span><\/p>\n<\/div>\n<\/div><\/div><\/div><div class=\"fusion-clearfix\"><\/div><\/div><span class=\"fusion-column-inner-bg hover-type-liftup\"><a href=\"https:\/\/www.hermann.rwth-aachen.de\/studentenwohnheim\/wohnen\/\"><span class=\"fusion-column-inner-bg-image lazyload\" style=\"background-position:center center;background-repeat:no-repeat;-webkit-background-size:cover;-moz-background-size:cover;-o-background-size:cover;background-size:cover;\" data-bg-height=\"667\" data-bg-width=\"1000\" data-bg=\"https:\/\/www.hermann.rwth-aachen.de\/studentenwohnheim\/wp-content\/uploads\/2016\/04\/Wohnheim-Neubau-min.jpg\"><\/span><\/a><\/span><\/div><div class=\"fusion-layout-column fusion_builder_column fusion-builder-column-7 fusion_builder_column_1_3 1_3 fusion-one-third fusion-column-inner-bg-wrapper fusion-column-liftup-border\" style=\"width:30.6666%; margin-right: 4%;margin-top:0px;margin-bottom:4.25px %;\"><div class=\"fusion-column-wrapper fusion-flex-column-wrapper-legacy\" style=\"padding: 40% 0px 0px 0px;\" data-bg-url=\"https:\/\/www.hermann.rwth-aachen.de\/studentenwohnheim\/wp-content\/uploads\/2016\/04\/studentenwohnheim-leben-kochen-small.jpg\"><div class=\"fusion-column-content-centered\"><div class=\"fusion-column-content\"><div class=\"fusion-text fusion-text-4\"><div style=\"background: rgba(0,0,0,0.3); padding: 20px 7%;\">\n<h3 style=\"font-size: 24px; text-align: center;\">Wohnheimalltag<\/h3>\n<p style=\"text-align: center;\"><span style=\"font-size: 16px; color: #ffffff;\">Tauche ein in den Alltag in unserem Wohnheim und erfahre mehr \u00fcber die Selbstverwaltung.<\/span><\/p>\n<\/div>\n<\/div><\/div><\/div><div class=\"fusion-clearfix\"><\/div><\/div><span class=\"fusion-column-inner-bg hover-type-liftup\"><a href=\"https:\/\/www.hermann.rwth-aachen.de\/studentenwohnheim\/leben\/\"><span class=\"fusion-column-inner-bg-image lazyload\" style=\"background-position:center center;background-repeat:no-repeat;-webkit-background-size:cover;-moz-background-size:cover;-o-background-size:cover;background-size:cover;\" data-bg-height=\"3648\" data-bg-width=\"3648\" data-bg=\"https:\/\/www.hermann.rwth-aachen.de\/studentenwohnheim\/wp-content\/uploads\/2016\/04\/studentenwohnheim-leben-kochen-small.jpg\"><\/span><\/a><\/span><\/div><div class=\"fusion-layout-column fusion_builder_column fusion-builder-column-8 fusion_builder_column_1_3 1_3 fusion-one-third fusion-column-last fusion-column-inner-bg-wrapper fusion-column-liftup-border\" style=\"width:30.6666%;margin-top:0px;margin-bottom:4.25px %;\"><div class=\"fusion-column-wrapper fusion-flex-column-wrapper-legacy\" style=\"padding: 40% 0px 0px 0px;\" data-bg-url=\"https:\/\/www.hermann.rwth-aachen.de\/studentenwohnheim\/wp-content\/uploads\/2016\/04\/IMG_5373-min1.jpg\"><div class=\"fusion-column-content-centered\"><div class=\"fusion-column-content\"><div class=\"fusion-text fusion-text-5\"><div style=\"background: rgba(0,0,0,0.3); padding: 20px 7%;\">\n<h3 style=\"font-size: 24px; text-align: center;\">Weitere Fragen<\/h3>\n<p style=\"text-align: center;\"><span style=\"font-size: 16px; color: #ffffff;\">Falls du nach dem Erkunden der Website weitere Fragen hast, werden diese hier von uns beantwortet.<\/span><\/p>\n<\/div>\n<\/div><\/div><\/div><div class=\"fusion-clearfix\"><\/div><\/div><span class=\"fusion-column-inner-bg hover-type-liftup\"><a href=\"https:\/\/www.hermann.rwth-aachen.de\/studentenwohnheim\/faq\/\"><span class=\"fusion-column-inner-bg-image lazyload\" style=\"background-position:center center;background-repeat:no-repeat;-webkit-background-size:cover;-moz-background-size:cover;-o-background-size:cover;background-size:cover;\" data-bg-height=\"3648\" data-bg-width=\"5472\" data-bg=\"https:\/\/www.hermann.rwth-aachen.de\/studentenwohnheim\/wp-content\/uploads\/2016\/04\/IMG_5373-min1.jpg\"><\/span><\/a><\/span><\/div><\/div><\/div><div class=\"fusion-fullwidth fullwidth-box fusion-builder-row-5 nonhundred-percent-fullwidth non-hundred-percent-height-scrolling\" style=\"background-color: #191c1e;background-position: left top;background-repeat: no-repeat;padding-top:0px;padding-right:0px;padding-bottom:-50px;padding-left:0px;margin-bottom: 0px;margin-top: 0px;border-width: 0px 0px 0px 0px;border-color:#25292b;border-style:solid;\" ><div class=\"fusion-builder-row fusion-row\"><div class=\"fusion-layout-column fusion_builder_column fusion-builder-column-9 fusion_builder_column_1_1 1_1 fusion-one-full fusion-column-first fusion-column-last fusion-column-no-min-height\" style=\"margin-top:0px;margin-bottom:0px;\"><div class=\"fusion-column-wrapper fusion-flex-column-wrapper-legacy\" style=\"background-position:left top;background-repeat:no-repeat;-webkit-background-size:cover;-moz-background-size:cover;-o-background-size:cover;background-size:cover;padding: 0px 0px 0px 0px;\"><div class=\"fusion-sharing-box fusion-sharing-box-1 boxed-icons\" style=\"background-color:#191c1e;margin-top:60px;\" data-title=\"Das beliebteste Studentenwohnheim im Herzen von Aachen \" data-description=\"Das beliebte Studentenwohnheim im Herzen von Aachen - selbstverwaltetet und ohne Warteliste. Lerne hier unser Wohnheim kennen und bewerbe dich direkt.\" data-link=\"www.hermann.rwth-aachen.de\" data-image=\"https:\/\/www.hermann.rwth-aachen.de\/studentenwohnheim\/wp-content\/uploads\/2016\/04\/wohnheim_gruppe_2016_1-min.png\"><h4 class=\"tagline\" style=\"color:#ffffff;\">Erz\u00e4hle deinen Freunden von unserem Studentenwohnheim!<\/h4><div class=\"fusion-social-networks sharingbox-shortcode-icon-wrapper sharingbox-shortcode-icon-wrapper-1 boxed-icons\"><span><a href=\"https:\/\/www.facebook.com\/sharer.php?u=www.hermann.rwth-aachen.de&amp;t=Das%20beliebteste%20Studentenwohnheim%20im%20Herzen%20von%20Aachen%20\" target=\"_blank\" title=\"Facebook\" aria-label=\"Facebook\" data-placement=\"top\" data-toggle=\"tooltip\" data-title=\"Facebook\"><i class=\"fusion-social-network-icon fusion-tooltip fusion-facebook fusion-icon-facebook\" style=\"color:#ffffff;background-color:#3b5998;border-color:#3b5998;border-radius:4px;\" aria-hidden=\"true\"><\/i><\/a><\/span><span><a href=\"https:\/\/twitter.com\/share?text=Das%20beliebteste%20Studentenwohnheim%20im%20Herzen%20von%20Aachen%20&amp;url=www.hermann.rwth-aachen.de\" target=\"_blank\" rel=\"noopener noreferrer\" title=\"Twitter\" aria-label=\"Twitter\" data-placement=\"top\" data-toggle=\"tooltip\" data-title=\"Twitter\"><i class=\"fusion-social-network-icon fusion-tooltip fusion-twitter fusion-icon-twitter\" style=\"color:#ffffff;background-color:#55acee;border-color:#55acee;border-radius:4px;\" aria-hidden=\"true\"><\/i><\/a><\/span><span><a href=\"http:\/\/reddit.com\/submit?url=www.hermann.rwth-aachen.de&amp;title=Das beliebteste Studentenwohnheim im Herzen von Aachen \" target=\"_blank\" rel=\"noopener noreferrer\" title=\"Reddit\" aria-label=\"Reddit\" data-placement=\"top\" data-toggle=\"tooltip\" data-title=\"Reddit\"><i class=\"fusion-social-network-icon fusion-tooltip fusion-reddit fusion-icon-reddit\" style=\"color:#ffffff;background-color:#ff4500;border-color:#ff4500;border-radius:4px;\" aria-hidden=\"true\"><\/i><\/a><\/span><span><a href=\"mailto:?subject=Das%20beliebteste%20Studentenwohnheim%20im%20Herzen%20von%20Aachen%20&amp;body=www.hermann.rwth-aachen.de\" target=\"_self\" title=\"E-Mail\" aria-label=\"E-Mail\" data-placement=\"top\" data-toggle=\"tooltip\" data-title=\"E-Mail\"><i class=\"fusion-social-network-icon fusion-tooltip fusion-mail fusion-icon-mail\" style=\"color:#ffffff;background-color:#000000;border-color:#000000;border-radius:4px;\" aria-hidden=\"true\"><\/i><\/a><\/span><\/div><\/div><style type=\"text\/css\">.fusion-sharing-box-1 h4{margin-bottom:0 !important;}.fusion-sharing-box-1{flex-direction:row !important;}@media only screen and (max-width:1024px){.fusion-sharing-box-1 h4{margin-right:0.5em !important;margin-bottom:0 !important;}.sharingbox-shortcode-icon-wrapper-1{width:auto !important;justify-content:flex-end !important;}.fusion-sharing-box-1{align-items:center !important;} }@media only screen and (max-width:640px){.fusion-sharing-box-1{flex-direction:row !important;align-items:center !important;}.fusion-sharing-box-1 h4{margin-right:0.5em !important;margin-bottom:0 !important;}.sharingbox-shortcode-icon-wrapper-1{width:auto !important;justify-content:space-between !important;} }<\/style><div class=\"fusion-sep-clear\"><\/div><div class=\"fusion-separator fusion-full-width-sep\" style=\"margin-left: auto;margin-right: auto;margin-top:-55px;width:100%;\"><\/div><div class=\"fusion-sep-clear\"><\/div><div class=\"fusion-clearfix\"><\/div><\/div><\/div><\/div><\/div><div class=\"fusion-fullwidth fullwidth-box fusion-builder-row-6 hundred-percent-fullwidth non-hundred-percent-height-scrolling\" style=\"background-color: rgba(255,255,255,0);background-position: center center;background-repeat: no-repeat;padding-top:0px;padding-right:30px;padding-bottom:0px;padding-left:30px;margin-bottom: 0px;margin-top: -120px;border-width: 0px 0px 0px 0px;border-color:#25292b;border-style:solid;\" ><div class=\"fusion-builder-row fusion-row\"><div class=\"fusion-layout-column fusion_builder_column fusion-builder-column-10 fusion_builder_column_1_1 1_1 fusion-one-full fusion-column-first fusion-column-last fusion-column-no-min-height\" style=\"margin-top:0px;margin-bottom:0px;\"><div class=\"fusion-column-wrapper fusion-flex-column-wrapper-legacy\" style=\"background-position:left top;background-repeat:no-repeat;-webkit-background-size:cover;-moz-background-size:cover;-o-background-size:cover;background-size:cover;padding: 0px 0px 0px 0px;\"><div class=\"fusion-sep-clear\"><\/div><div class=\"fusion-separator fusion-full-width-sep\" style=\"margin-left: auto;margin-right: auto;width:100%;\"><\/div><div class=\"fusion-sep-clear\"><\/div><div class=\"fusion-clearfix\"><\/div><\/div><\/div><\/div><style type=\"text\/css\">.fusion-fullwidth.fusion-builder-row-6 { overflow:visible; }<\/style><\/div><\/p>\n","protected":false},"excerpt":{"rendered":"","protected":false},"author":2,"featured_media":0,"parent":0,"menu_order":0,"comment_status":"closed","ping_status":"closed","template":"100-width.php","meta":{"footnotes":""},"_links":{"self":[{"href":"https:\/\/www.hermann.rwth-aachen.de\/studentenwohnheim\/wp-json\/wp\/v2\/pages\/11981"}],"collection":[{"href":"https:\/\/www.hermann.rwth-aachen.de\/studentenwohnheim\/wp-json\/wp\/v2\/pages"}],"about":[{"href":"https:\/\/www.hermann.rwth-aachen.de\/studentenwohnheim\/wp-json\/wp\/v2\/types\/page"}],"author":[{"embeddable":true,"href":"https:\/\/www.hermann.rwth-aachen.de\/studentenwohnheim\/wp-json\/wp\/v2\/users\/2"}],"replies":[{"embeddable":true,"href":"https:\/\/www.hermann.rwth-aachen.de\/studentenwohnheim\/wp-json\/wp\/v2\/comments?post=11981"}],"version-history":[{"count":129,"href":"https:\/\/www.hermann.rwth-aachen.de\/studentenwohnheim\/wp-json\/wp\/v2\/pages\/11981\/revisions"}],"predecessor-version":[{"id":13937,"href":"https:\/\/www.hermann.rwth-aachen.de\/studentenwohnheim\/wp-json\/wp\/v2\/pages\/11981\/revisions\/13937"}],"wp:attachment":[{"href":"https:\/\/www.hermann.rwth-aachen.de\/studentenwohnheim\/wp-json\/wp\/v2\/media?parent=11981"}],"curies":[{"name":"wp","href":"https:\/\/api.w.org\/{rel}","templated":true}]}}